{"id":1279,"date":"2026-04-08T08:39:38","date_gmt":"2026-04-08T08:39:38","guid":{"rendered":"https:\/\/www.vsleopoldschlag.at\/?page_id=1279"},"modified":"2026-04-08T08:39:38","modified_gmt":"2026-04-08T08:39:38","slug":"ikm-plus","status":"publish","type":"page","link":"https:\/\/www.vsleopoldschlag.at\/?page_id=1279","title":{"rendered":"IKM Plus"},"content":{"rendered":"<p>Liebe Eltern und Erziehungsberechtigte,<\/p>\n<p>auch in diesem Schuljahr wird die <strong>iKM PLUS<\/strong> (Informelle Kompetenzmessung) an unserer Schule durchgef\u00fchrt. Die Teilnahme ist f\u00fcr die <strong>3. und 4. Schulstufe verpflichtend<\/strong> und findet im vorgesehenen Zeitraum w\u00e4hrend des Unterrichts statt.<\/p>\n<p>Mathematik:<\/p>\n<p>Deutsch (Lesen):<\/p>\n<p>Die iKM PLUS dient dazu, die Kompetenzen der Sch\u00fclerinnen und Sch\u00fcler in den Bereichen <strong>Deutsch<\/strong> und <strong>Mathematik<\/strong> zu erfassen und darauf aufbauend die weitere F\u00f6rderung gezielt zu planen. Die Ergebnisse flie\u00dfen <strong>nicht in die Noten<\/strong> ein.<\/p>\n<p>Alle Informationen dazu sind unter den nachstehenden Links zu finden:<\/p>\n<p><a href=\"https:\/\/www.iqs.gv.at\/downloads\/nationale-kompetenzerhebung\/ikm-plus-volksschule\/schueler-innen-und-erziehungsberechtigte\">Sch\u00fclerinnen, Sch\u00fcler und Erziehungsberechtigte &#8211; iKM PLUS \u2013 Volksschule &#8211; Nationale Kompetenzerhebung &#8211; Downloads &#8211; IQS<\/a><\/p>\n<p><a href=\"https:\/\/www.youtube.com\/watch?v=28t0wO5aP7g\">Video-Tutorial f\u00fcr Sch\u00fcler\/innen im Volksschulbereich: Inhalte und Aufgabenformate der iKM PLUS<\/a><\/p>\n","protected":false},"excerpt":{"rendered":"<p>Liebe Eltern und Erziehungsberechtigte, auch in diesem Schuljahr wird die iKM PLUS (Informelle Kompetenzmessung) an unserer Schule durchgef\u00fchrt. Die Teilnahme ist f\u00fcr die 3. und 4. Schulstufe verpflichtend und findet im vorgesehenen Zeitraum w\u00e4hrend des Unterrichts statt. Mathematik: Deutsch (Lesen): &hellip; <a href=\"https:\/\/www.vsleopoldschlag.at\/?page_id=1279\">Weiterlesen <span class=\"meta-nav\">&rarr;<\/span><\/a><\/p>\n","protected":false},"author":1,"featured_media":0,"parent":0,"menu_order":0,"comment_status":"closed","ping_status":"closed","template":"","meta":{"footnotes":""},"class_list":["post-1279","page","type-page","status-publish","hentry"],"_links":{"self":[{"href":"https:\/\/www.vsleopoldschlag.at\/index.php?rest_route=\/wp\/v2\/pages\/1279","targetHints":{"allow":["GET"]}}],"collection":[{"href":"https:\/\/www.vsleopoldschlag.at\/index.php?rest_route=\/wp\/v2\/pages"}],"about":[{"href":"https:\/\/www.vsleopoldschlag.at\/index.php?rest_route=\/wp\/v2\/types\/page"}],"author":[{"embeddable":true,"href":"https:\/\/www.vsleopoldschlag.at\/index.php?rest_route=\/wp\/v2\/users\/1"}],"replies":[{"embeddable":true,"href":"https:\/\/www.vsleopoldschlag.at\/index.php?rest_route=%2Fwp%2Fv2%2Fcomments&post=1279"}],"version-history":[{"count":2,"href":"https:\/\/www.vsleopoldschlag.at\/index.php?rest_route=\/wp\/v2\/pages\/1279\/revisions"}],"predecessor-version":[{"id":1281,"href":"https:\/\/www.vsleopoldschlag.at\/index.php?rest_route=\/wp\/v2\/pages\/1279\/revisions\/1281"}],"wp:attachment":[{"href":"https:\/\/www.vsleopoldschlag.at\/index.php?rest_route=%2Fwp%2Fv2%2Fmedia&parent=1279"}],"curies":[{"name":"wp","href":"https:\/\/api.w.org\/{rel}","templated":true}]}}