{"id":171,"date":"2020-03-16T10:15:22","date_gmt":"2020-03-16T10:15:22","guid":{"rendered":"https:\/\/www.vsleopoldschlag.at\/?page_id=171"},"modified":"2026-03-18T10:09:52","modified_gmt":"2026-03-18T10:09:52","slug":"impressum","status":"publish","type":"page","link":"https:\/\/www.vsleopoldschlag.at\/?page_id=171","title":{"rendered":"Impressum"},"content":{"rendered":"<h2><strong>Volksschule Leopoldschlag<\/strong><\/h2>\n<p>Medieninhaber &amp; Herausgeber:<br \/>\nVolksschule Leopoldschlag<br \/>\nSchulstra\u00dfe 1<br \/>\n4262 Leopoldschlag<br \/>\n\u00d6sterreich<\/p>\n<p>Telefon: +43 (0) 7949\/8219, +43(0)660\/7167807<br \/>\nE-Mail: s406161@schule-ooe.at<br \/>\nWebseite: https:\/\/www.vsleopoldschlag.at<\/p>\n<p>Schulleitung:<br \/>\nBettina Watzinger<\/p>\n<p>Rechtsform:<br \/>\n\u00d6ffentliche Bildungseinrichtung<\/p>\n<p>Aufsichtsbeh\u00f6rde:<br \/>\nBildungsdirektion Ober\u00f6sterreich<\/p>\n<p>Grundlegende Richtung der Website:<br \/>\nInformationen \u00fcber die Volksschule Leopoldschlag, schulische Aktivit\u00e4ten und Veranstaltungen.<\/p>\n<p>Urheberrecht:<br \/>\nAlle Inhalte dieser Website (Texte, Fotos, Videos, Grafiken, Layout) sind urheberrechtlich gesch\u00fctzt.<br \/>\nEine Verwendung ohne ausdr\u00fcckliche Zustimmung ist nicht gestattet.<\/p>\n<p>Haftungsausschluss:<br \/>\nAlle Inhalte dieser Website wurden sorgf\u00e4ltig gepr\u00fcft. Dennoch kann keine Garantie f\u00fcr Richtigkeit, Vollst\u00e4ndigkeit und Aktualit\u00e4t \u00fcbernommen werden.<\/p>\n<p>F\u00fcr Inhalte externer Links wird keine Haftung \u00fcbernommen.<\/p>\n<p>F\u00fcr den Inhalt verlinkter Seiten sind ausschlie\u00dflich deren Betreiber verantwortlich.<\/p>\n<p>Webdesign &amp; technische Umsetzung:<br \/>\nBettina Watzinger<\/p>\n","protected":false},"excerpt":{"rendered":"<p>Volksschule Leopoldschlag Medieninhaber &amp; Herausgeber: Volksschule Leopoldschlag Schulstra\u00dfe 1 4262 Leopoldschlag \u00d6sterreich Telefon: +43 (0) 7949\/8219, +43(0)660\/7167807 E-Mail: s406161@schule-ooe.at Webseite: https:\/\/www.vsleopoldschlag.at Schulleitung: Bettina Watzinger Rechtsform: \u00d6ffentliche Bildungseinrichtung Aufsichtsbeh\u00f6rde: Bildungsdirektion Ober\u00f6sterreich Grundlegende Richtung der Website: Informationen \u00fcber die Volksschule Leopoldschlag, schulische &hellip; <a href=\"https:\/\/www.vsleopoldschlag.at\/?page_id=171\">Weiterlesen <span class=\"meta-nav\">&rarr;<\/span><\/a><\/p>\n","protected":false},"author":1,"featured_media":0,"parent":0,"menu_order":0,"comment_status":"closed","ping_status":"closed","template":"","meta":{"footnotes":""},"class_list":["post-171","page","type-page","status-publish","hentry"],"_links":{"self":[{"href":"https:\/\/www.vsleopoldschlag.at\/index.php?rest_route=\/wp\/v2\/pages\/171","targetHints":{"allow":["GET"]}}],"collection":[{"href":"https:\/\/www.vsleopoldschlag.at\/index.php?rest_route=\/wp\/v2\/pages"}],"about":[{"href":"https:\/\/www.vsleopoldschlag.at\/index.php?rest_route=\/wp\/v2\/types\/page"}],"author":[{"embeddable":true,"href":"https:\/\/www.vsleopoldschlag.at\/index.php?rest_route=\/wp\/v2\/users\/1"}],"replies":[{"embeddable":true,"href":"https:\/\/www.vsleopoldschlag.at\/index.php?rest_route=%2Fwp%2Fv2%2Fcomments&post=171"}],"version-history":[{"count":7,"href":"https:\/\/www.vsleopoldschlag.at\/index.php?rest_route=\/wp\/v2\/pages\/171\/revisions"}],"predecessor-version":[{"id":1276,"href":"https:\/\/www.vsleopoldschlag.at\/index.php?rest_route=\/wp\/v2\/pages\/171\/revisions\/1276"}],"wp:attachment":[{"href":"https:\/\/www.vsleopoldschlag.at\/index.php?rest_route=%2Fwp%2Fv2%2Fmedia&parent=171"}],"curies":[{"name":"wp","href":"https:\/\/api.w.org\/{rel}","templated":true}]}}