{"id":173,"date":"2020-03-16T10:16:48","date_gmt":"2020-03-16T10:16:48","guid":{"rendered":"https:\/\/www.vsleopoldschlag.at\/?page_id=173"},"modified":"2026-03-18T10:15:36","modified_gmt":"2026-03-18T10:15:36","slug":"datenschutz","status":"publish","type":"page","link":"https:\/\/www.vsleopoldschlag.at\/?page_id=173","title":{"rendered":"Datenschutz"},"content":{"rendered":"<p>Datenschutzerkl\u00e4rung<\/p>\n<p>Der Schutz Ihrer pers\u00f6nlichen Daten ist uns ein besonderes Anliegen. Wir verarbeiten Ihre Daten daher ausschlie\u00dflich auf Grundlage der gesetzlichen Bestimmungen (DSGVO, TKG 2003).<\/p>\n<p>1. Kontakt mit uns<br \/>\nWenn Sie per E-Mail oder \u00fcber ein Formular auf unserer Website Kontakt mit uns aufnehmen, werden Ihre angegebenen Daten zwecks Bearbeitung der Anfrage und f\u00fcr den Fall von Anschlussfragen gespeichert. Diese Daten geben wir nicht ohne Ihre Einwilligung weiter.<\/p>\n<p>2. Server-Logfiles<br \/>\nDer Provider der Website erhebt und speichert automatisch Informationen in sogenannten<br \/>\nServer-Logfiles. Dazu geh\u00f6ren:<br \/>\n\u2013 IP-Adresse (gek\u00fcrzt\/anonymisiert)<br \/>\n\u2013 Browsertyp und Browserversion<br \/>\n\u2013 Betriebssystem<br \/>\n\u2013 Referrer-URL<br \/>\n\u2013 Uhrzeit der Serveranfrage<\/p>\n<p>3. Cookies<br \/>\nUnsere Website verwendet Cookies, um die Benutzerfreundlichkeit zu verbessern. Cookies sind kleine<br \/>\nTextdateien, die auf Ihrem Endger\u00e4t gespeichert werden und keinen Schaden anrichten.<\/p>\n<p>Wir verwenden:<br \/>\n\u2013 technisch notwendige Cookies (f\u00fcr Grundfunktionen der Website)<br \/>\n\u2013 optionale Cookies (z. B. f\u00fcr eingebettete Inhalte)<\/p>\n<p>Sie k\u00f6nnen Ihren Browser so einstellen, dass er Cookies blockiert oder Sie vorab informiert.<br \/>\nBei der Deaktivierung von Cookies kann die Funktionalit\u00e4t der Website eingeschr\u00e4nkt sein.<\/p>\n<p>4. Fotos und Videos von Schulveranstaltungen<br \/>\nIm Rahmen von schulischen Aktivit\u00e4ten k\u00f6nnen Fotos und Videos erstellt werden. Diese dienen der Dokumentation des Schulalltags und der \u00d6ffentlichkeitsarbeit.<\/p>\n<p>Rechtsgrundlage:<br \/>\nArt. 6 Abs. 1 lit. f DSGVO (berechtigtes Interesse der Schule an der Darstellung schulischer<br \/>\nAktivit\u00e4ten).<\/p>\n<p>Ver\u00f6ffentlichung:<br \/>\nFotos und Videos k\u00f6nnen auf der Website, in Printmedien oder im Schulgeb\u00e4ude gezeigt werden.<\/p>\n<p>Widerspruch:<br \/>\nWenn Sie nicht w\u00fcnschen, dass Ihr Kind auf ver\u00f6ffentlichten Fotos\/Videos erscheint, k\u00f6nnen Sie dies jederzeit schriftlich bekanntgeben. Wir ber\u00fccksichtigen Ihren Wunsch selbstverst\u00e4ndlich.<\/p>\n<p>5. Eingebettete Inhalte (z. B. YouTube, Karten)<br \/>\nUnsere Website kann Inhalte von Drittanbietern einbetten. Beim Aufruf solcher Inhalte kann es zur \u00dcbertragung personenbezogener Daten (z. B. IP-Adresse) an den jeweiligen Anbieter kommen.<\/p>\n<p>Dies erfolgt erst nach Ihrer aktiven Zustimmung (z. B. durch Klick auf ein Video).<\/p>\n<p>6. Webanalyse<br \/>\nDerzeit verwenden wir keine Webanalyse-Tools wie Google Analytics oder Matomo.<br \/>\nSollte sich dies \u00e4ndern, wird die Datenschutzerkl\u00e4rung entsprechend angepasst.<\/p>\n<p>7. Ihre Rechte<br \/>\nSie haben jederzeit das Recht auf:<br \/>\n\u2013 Auskunft \u00fcber Ihre gespeicherten Daten<br \/>\n\u2013 Berichtigung<br \/>\n\u2013 L\u00f6schung<br \/>\n\u2013 Einschr\u00e4nkung der Verarbeitung<br \/>\n\u2013 Daten\u00fcbertragbarkeit<br \/>\n\u2013 Widerruf einer Einwilligung<\/p>\n<p>Wenn Sie glauben, dass die Verarbeitung Ihrer Daten gegen das Datenschutzrecht verst\u00f6\u00dft, k\u00f6nnen<br \/>\nSie sich bei der \u00f6sterreichischen Datenschutzbeh\u00f6rde beschweren.<\/p>\n<p>8. Kontakt<br \/>\nVolksschule Leopoldschlag<br \/>\nSchulstra\u00dfe 1<br \/>\n4262 Leopoldschlag<br \/>\nE-Mail: s406161@schule-ooe.at<br \/>\nTelefon: +43 (0) 7949\/8219, +43 (0)660\/7167807<\/p>\n","protected":false},"excerpt":{"rendered":"<p>Datenschutzerkl\u00e4rung Der Schutz Ihrer pers\u00f6nlichen Daten ist uns ein besonderes Anliegen. Wir verarbeiten Ihre Daten daher ausschlie\u00dflich auf Grundlage der gesetzlichen Bestimmungen (DSGVO, TKG 2003). 1. Kontakt mit uns Wenn Sie per E-Mail oder \u00fcber ein Formular auf unserer Website &hellip; <a href=\"https:\/\/www.vsleopoldschlag.at\/?page_id=173\">Weiterlesen <span class=\"meta-nav\">&rarr;<\/span><\/a><\/p>\n","protected":false},"author":1,"featured_media":0,"parent":0,"menu_order":0,"comment_status":"closed","ping_status":"closed","template":"","meta":{"footnotes":""},"class_list":["post-173","page","type-page","status-publish","hentry"],"_links":{"self":[{"href":"https:\/\/www.vsleopoldschlag.at\/index.php?rest_route=\/wp\/v2\/pages\/173","targetHints":{"allow":["GET"]}}],"collection":[{"href":"https:\/\/www.vsleopoldschlag.at\/index.php?rest_route=\/wp\/v2\/pages"}],"about":[{"href":"https:\/\/www.vsleopoldschlag.at\/index.php?rest_route=\/wp\/v2\/types\/page"}],"author":[{"embeddable":true,"href":"https:\/\/www.vsleopoldschlag.at\/index.php?rest_route=\/wp\/v2\/users\/1"}],"replies":[{"embeddable":true,"href":"https:\/\/www.vsleopoldschlag.at\/index.php?rest_route=%2Fwp%2Fv2%2Fcomments&post=173"}],"version-history":[{"count":3,"href":"https:\/\/www.vsleopoldschlag.at\/index.php?rest_route=\/wp\/v2\/pages\/173\/revisions"}],"predecessor-version":[{"id":1278,"href":"https:\/\/www.vsleopoldschlag.at\/index.php?rest_route=\/wp\/v2\/pages\/173\/revisions\/1278"}],"wp:attachment":[{"href":"https:\/\/www.vsleopoldschlag.at\/index.php?rest_route=%2Fwp%2Fv2%2Fmedia&parent=173"}],"curies":[{"name":"wp","href":"https:\/\/api.w.org\/{rel}","templated":true}]}}