{"id":21,"date":"2020-02-10T19:55:48","date_gmt":"2020-02-10T19:55:48","guid":{"rendered":"https:\/\/www.vsleopoldschlag.at\/?page_id=21"},"modified":"2025-11-26T09:58:24","modified_gmt":"2025-11-26T09:58:24","slug":"unsere-schule","status":"publish","type":"page","link":"https:\/\/www.vsleopoldschlag.at\/?page_id=21","title":{"rendered":"Unsere Schule"},"content":{"rendered":"<p><b><i>Schulgeschichte<br \/>\n<\/i><\/b>Verfasser: Kons. OSR. Alois B\u00f6hm<\/p>\n<p><b>Schulgeb\u00e4ude<\/b><\/p>\n<p>Die <b>erste Schule<\/b>, die nachweisbar ist, war im Haus Markt Leopoldschlag 25, heute Kirchenplatz 3, untergebracht. Das Geb\u00e4ude wurde 1800 neu errichtet, nachdem es bei einem gro\u00dfen Marktbrand im selben Jahr vernichtet worden war.<br \/>\nDas <b>zweite Geb\u00e4ude<\/b> ist die heutige Volksschule, Markt Leopoldschlag 63, heute Schulstra\u00dfe 1. Direktor Franz Hendrich setzte seinen ganzen Ehrgeiz in die Errichtung einer neuen, zeitgem\u00e4\u00dfen Schule, aber es dauerte etliche Jahre bis zur Verwirklichung. Erst seinem Nachfolger Georg Zehetmayr war die Er\u00f6ffnung vorbehalten, wenigstens die Er\u00f6ffnung konnte Dir. Hendrich noch erleben. Die Schule wurde mit Schulbeginn 1969\/70 bezogen und am Sonntag, 30. November 1969, vom neuen Weihbischof von Linz, dem Leopoldschl\u00e4ger Dr. Alois Wagner, gesegnet und von Landeshauptmann Dr. Heinrich Gleissner er\u00f6ffnet. Die neue Schule wurde sechsklassig gebaut und verf\u00fcgte \u00fcber einen damals in kleineren Schulen \u00fcblichen \u201eMehrzweckraum\u201c.<br \/>\nNach Auflassung der VS-Oberstufe wurden 2 Klassen im Erdgescho\u00df jedoch bald nicht mehr ben\u00f6tigt.<br \/>\nEine davon wurde dem Musikverein Leopoldschlag als Proberaum zur Verf\u00fcgung gestellt (mit eigens gebautem Zugang).<br \/>\nIn der zweiten freien Klasse wurde der Betrieb eines Gemeindekindergartens begonnen.<\/p>\n<p>In den Jahren 1998\/99 wurde ein umfangreiches <b>Erweiterungs- und Renovierungsprojekt<\/b> realisiert, das unter BM Heribert Schlechtl und Dir. Alois B\u00f6hm 1998\/99 durchgef\u00fchrt wurde. Nunmehr konnte die<b> Musik einen neuen Probebereich<\/b> im Turnsaalneubau beziehen, und der nun wieder frei gewordene Raum wurde als <b>zweiter Gruppenraum f\u00fcr den Kindergarten<\/b> adaptiert. Der erweiterte Gangbereich wurde zu einem <b>Bewegungsraum<\/b> f\u00fcr den Kindergarten ausgestaltet. Dieser wurde durch einen<b> neuen Eingangsbereich<\/b> \u2013 Adresse: Hiltschnerstra\u00dfe 2 \u2013 vom Schulbereich abgetrennt, so dass ein st\u00f6rungsfreies Nebeneinander beider Einrichtungen unter einem Dach gew\u00e4hrleistet ist.<\/p>\n<p>Der <b>Turnsaalneubau<\/b> wurde um einen <b>B\u00fchnenzubau mit Unterb\u00fchne<\/b> erweitert, so dass ein eigener, vom Schulbetrieb abkoppelbarer Theaterbereich entstanden ist. Dieser hat sich inzwischen unter der Bezeichnung <b>\u201eGrenzlandb\u00fchne Leopoldschlag\u201c<\/b> einen klingenden Namen erworben.<\/p>\n<p><b>Konferenzzimmer und Leiterkanzlei<\/b> wurden in den bisherigen Werkraum in den 1. Stock, der umgebaut und von der heimischen Tischlerei Knoll sehr ansprechend und funktionell eingerichtet wurde, verlegt.<br \/>\nDer <b>Werkraum<\/b> kam in die frei gewordenen R\u00e4ume des Erdgescho\u00dfes.<br \/>\nDurch einen sehr effizienten Einsatz der Finanzmittel war es m\u00f6glich, die <b>Klasseneinrichtungen<\/b> (Lehrertische, Sch\u00fclerm\u00f6bel, Tafeln) im Zuge des Umbaues zu erneuern.<\/p>\n<p><b>Sch\u00fclerzahlen<\/b> 1822: 161 schulf\u00e4hige Kinder, von denen jedoch nur 142 die Schule besuchten.<br \/>\n1838: 161 Wochensch\u00fcler, 63 Sonntagssch\u00fcler<br \/>\n~1950: ~ 130 Kinder (8 Klassen)<br \/>\n~1970: ~ 70 Kinder (4 Kl.)<br \/>\n1979: 92 Kinder (4 Kl.)<br \/>\n1985: 46 Kinder (4 Kl.)<br \/>\n1990: 78 Kinder (4 Kl.)<br \/>\n1995: 78 Kinder (4 Kl.)<br \/>\n1996: 93 Kinder (5 Kl.) &#8211; zwei erste Klassen mit je 16 Kindern<br \/>\n2000: 67 Kinder (4 Kl.)<br \/>\n<b>2002: 58 Kinder (3 Kl.)<br \/>\n<\/b>2005: 45 Kinder (3 Kl.)<br \/>\n<b>2006: 38 Kinder (2.Kl.)<br \/>\n<\/b>2007: 44 Kinder (2 Kl.)<br \/>\n2008: <b>44 Kinder (3 Kl<\/b>., da 1.und 2. Schulstufe gemeinsam 26 Kinder h\u00e4tten, der Richtwert jedoch 25 ist)<br \/>\n2009: 41 Kinder (2 Kl.)<br \/>\n2010 44 Kinder (2 Kl.)<br \/>\n2011: 35 Kinder (2 Kl.)<br \/>\n2012: 35 Kinder (2 Kl.)<br \/>\n2013: 37 Kinder (2 Kl.)<br \/>\n2014: 40 Kinder (2 Kl.)<br \/>\n2015: 35 Kinder (2 Kl.)<br \/>\n2016: 33 Kinder (2 Kl.)<br \/>\n2017: 38 Kinder (2 Kl.)<br \/>\n2018: 39 Kinder (3 Kl.)<br \/>\n2019: 39 Kinder (2 Kl.)<br \/>\n2020: 39 Kinder (2 Kl.)<br \/>\n2021: 39 Kinder (2 Kl.)<br \/>\n2022: 37 Kinder (2 Kl.)<\/p>\n<p>2023: 37 Kinder (2 Kl.)<\/p>\n<p>2024: 37 Kinder (2 Kl.)<\/p>\n<p>2025: 42 Kinder (2 Kl.)<\/p>\n<p><b>Schulleiter und Schulleiterinnen:<\/b><\/p>\n<p>bis 1836: Ignaz Wald<br \/>\n1837-1871: Georg Wald<br \/>\n1871-1886: Karl Matulka<br \/>\n1886-1887: Marcus Kroihs<br \/>\n1887-1900: Jakob Schneedorfer<br \/>\n1900-1922: Hermann Seidl<br \/>\n1922: Johann Arming<br \/>\n1922: Otto Pointner<br \/>\n1923-1937: Gottfried Haider<br \/>\n1937-1938: Georg Zehetmayr<br \/>\n1938-1967: Franz Hendrich<br \/>\n1967-1975: Georg Zehetmayr<br \/>\n1975-1976: Maria Birngruber<br \/>\n1976-1991: Friedrich Zeindlinger<br \/>\n1991-2003: Alois B\u00f6hm<br \/>\n2003-2016: Edith Haib\u00f6ck<br \/>\n2016-2023: Ingrid Brandst\u00e4tter<br \/>\nab 2023: Bettina Watzinger<\/p>\n","protected":false},"excerpt":{"rendered":"<p>Schulgeschichte Verfasser: Kons. OSR. Alois B\u00f6hm Schulgeb\u00e4ude Die erste Schule, die nachweisbar ist, war im Haus Markt Leopoldschlag 25, heute Kirchenplatz 3, untergebracht. Das Geb\u00e4ude wurde 1800 neu errichtet, nachdem es bei einem gro\u00dfen Marktbrand im selben Jahr vernichtet worden &hellip; <a href=\"https:\/\/www.vsleopoldschlag.at\/?page_id=21\">Weiterlesen <span class=\"meta-nav\">&rarr;<\/span><\/a><\/p>\n","protected":false},"author":1,"featured_media":0,"parent":0,"menu_order":0,"comment_status":"closed","ping_status":"closed","template":"","meta":{"footnotes":""},"class_list":["post-21","page","type-page","status-publish","hentry"],"_links":{"self":[{"href":"https:\/\/www.vsleopoldschlag.at\/index.php?rest_route=\/wp\/v2\/pages\/21","targetHints":{"allow":["GET"]}}],"collection":[{"href":"https:\/\/www.vsleopoldschlag.at\/index.php?rest_route=\/wp\/v2\/pages"}],"about":[{"href":"https:\/\/www.vsleopoldschlag.at\/index.php?rest_route=\/wp\/v2\/types\/page"}],"author":[{"embeddable":true,"href":"https:\/\/www.vsleopoldschlag.at\/index.php?rest_route=\/wp\/v2\/users\/1"}],"replies":[{"embeddable":true,"href":"https:\/\/www.vsleopoldschlag.at\/index.php?rest_route=%2Fwp%2Fv2%2Fcomments&post=21"}],"version-history":[{"count":6,"href":"https:\/\/www.vsleopoldschlag.at\/index.php?rest_route=\/wp\/v2\/pages\/21\/revisions"}],"predecessor-version":[{"id":1177,"href":"https:\/\/www.vsleopoldschlag.at\/index.php?rest_route=\/wp\/v2\/pages\/21\/revisions\/1177"}],"wp:attachment":[{"href":"https:\/\/www.vsleopoldschlag.at\/index.php?rest_route=%2Fwp%2Fv2%2Fmedia&parent=21"}],"curies":[{"name":"wp","href":"https:\/\/api.w.org\/{rel}","templated":true}]}}