{"id":980,"date":"2024-11-12T10:16:50","date_gmt":"2024-11-12T10:16:50","guid":{"rendered":"https:\/\/www.vsleopoldschlag.at\/?page_id=980"},"modified":"2025-03-18T08:27:27","modified_gmt":"2025-03-18T08:27:27","slug":"foerderungen","status":"publish","type":"page","link":"https:\/\/www.vsleopoldschlag.at\/?page_id=980","title":{"rendered":"F\u00f6rderungen"},"content":{"rendered":"<p><a href=\"https:\/\/www.jugendrotkreuz.at\/oberoesterreich\/finanzielle-unterstuetzung-ooe\">Finanzielle Unterst\u00fctzung O\u00d6 \u2013 Jugendrotkreuz<\/a><\/p>\n<p><a href=\"https:\/\/www.land-oberoesterreich.gv.at\/280266.htm\">Land Ober\u00f6sterreich &#8211; Finanzielle Unterst\u00fctzung f\u00fcr zus\u00e4tzliche au\u00dferschulische F\u00f6rderung (land-oberoesterreich.gv.at)<\/a><\/p>\n<p>&nbsp;<\/p>\n","protected":false},"excerpt":{"rendered":"<p>Finanzielle Unterst\u00fctzung O\u00d6 \u2013 Jugendrotkreuz Land Ober\u00f6sterreich &#8211; Finanzielle Unterst\u00fctzung f\u00fcr zus\u00e4tzliche au\u00dferschulische F\u00f6rderung (land-oberoesterreich.gv.at) &nbsp;<\/p>\n","protected":false},"author":1,"featured_media":0,"parent":0,"menu_order":0,"comment_status":"closed","ping_status":"closed","template":"","meta":{"footnotes":""},"class_list":["post-980","page","type-page","status-publish","hentry"],"_links":{"self":[{"href":"https:\/\/www.vsleopoldschlag.at\/index.php?rest_route=\/wp\/v2\/pages\/980","targetHints":{"allow":["GET"]}}],"collection":[{"href":"https:\/\/www.vsleopoldschlag.at\/index.php?rest_route=\/wp\/v2\/pages"}],"about":[{"href":"https:\/\/www.vsleopoldschlag.at\/index.php?rest_route=\/wp\/v2\/types\/page"}],"author":[{"embeddable":true,"href":"https:\/\/www.vsleopoldschlag.at\/index.php?rest_route=\/wp\/v2\/users\/1"}],"replies":[{"embeddable":true,"href":"https:\/\/www.vsleopoldschlag.at\/index.php?rest_route=%2Fwp%2Fv2%2Fcomments&post=980"}],"version-history":[{"count":6,"href":"https:\/\/www.vsleopoldschlag.at\/index.php?rest_route=\/wp\/v2\/pages\/980\/revisions"}],"predecessor-version":[{"id":1071,"href":"https:\/\/www.vsleopoldschlag.at\/index.php?rest_route=\/wp\/v2\/pages\/980\/revisions\/1071"}],"wp:attachment":[{"href":"https:\/\/www.vsleopoldschlag.at\/index.php?rest_route=%2Fwp%2Fv2%2Fmedia&parent=980"}],"curies":[{"name":"wp","href":"https:\/\/api.w.org\/{rel}","templated":true}]}}